{"id":98909,"date":"2024-12-17T20:50:52","date_gmt":"2024-12-17T19:50:52","guid":{"rendered":"https:\/\/test.esluzby.net\/?post_type=product&#038;p=98909"},"modified":"2026-02-19T10:30:46","modified_gmt":"2026-02-19T09:30:46","slug":"pullitr-zdobeny-nalepy-a-kraklovanim-05l-4","status":"publish","type":"product","link":"https:\/\/test.esluzby.net\/?product=pullitr-zdobeny-nalepy-a-kraklovanim-05l-4","title":{"rendered":"P\u016fllitr 0,5l &#8211; Krakle &#8211; zdoben\u00fd n\u00e1lepy &#8211; r\u00e1dlo"},"content":{"rendered":"<p>Kolekce Krakle je v\u00fdjime\u010dn\u00e1 nejen sv\u00fdm vzhledem, ale i histori\u00ed.\u00a0 Pro jej\u00ed tvorbu se vyu\u017e\u00edvaj\u00ed optick\u00e9 formy, kter\u00e9 se pou\u017e\u00edvaly ji\u017e od po\u010d\u00e1tku skl\u00e1\u0159stv\u00ed v \u010desk\u00fdch zem\u00edch. Ty se postupn\u011b zdokonalovaly a p\u0159izp\u016fsobovaly st\u00e1le slo\u017eit\u011bj\u0161\u00edm dekor\u016fm.<\/p>\n<p>Kraklov\u00e1n\u00ed skla je velmi star\u00e1 technika, kter\u00e1 sah\u00e1 a\u017e do starov\u011bku, i kdy\u017e jej\u00ed popularita kol\u00edsala podle obdob\u00ed a regionu. Dnes je ale toto sklo velmi obl\u00edben\u00e9.<\/p>\n<p>P\u016fllitr Krakle je univerz\u00e1ln\u00ed \u2013 hod\u00ed se jak do modern\u00edho interi\u00e9ru, tak na chalupu. A zcela ur\u010dit\u011b s n\u00edm ud\u011bl\u00e1te radost ka\u017ed\u00e9mu obdarovan\u00e9mu.<\/p>\n","protected":false},"excerpt":{"rendered":"<p>V dekoru Krakle vyr\u00e1b\u00edme produkty od d\u017eb\u00e1n\u016f, p\u0159es r\u016fzn\u00e9 misky a skleni\u010dky, a\u017e po petrolejov\u00e9 lampy. Tento dekor\u00a0oslov\u00ed v\u0161echny, kte\u0159\u00ed si cen\u00ed kr\u00e1sy a originality skla.<\/p>\n","protected":false},"featured_media":98893,"comment_status":"closed","ping_status":"closed","template":"","meta":[],"product_brand":[],"product_cat":[113,117,114,138],"product_tag":[],"class_list":{"0":"post-98909","1":"product","2":"type-product","3":"status-publish","4":"has-post-thumbnail","6":"product_cat-historicke-sklo","7":"product_cat-kolekce","8":"product_cat-lesni-sklo","9":"product_cat-skleneny-pullitr","11":"first","12":"outofstock","13":"shipping-taxable","14":"purchasable","15":"product-type-simple"},"_links":{"self":[{"href":"https:\/\/test.esluzby.net\/index.php?rest_route=\/wp\/v2\/product\/98909","targetHints":{"allow":["GET"]}}],"collection":[{"href":"https:\/\/test.esluzby.net\/index.php?rest_route=\/wp\/v2\/product"}],"about":[{"href":"https:\/\/test.esluzby.net\/index.php?rest_route=\/wp\/v2\/types\/product"}],"replies":[{"embeddable":true,"href":"https:\/\/test.esluzby.net\/index.php?rest_route=%2Fwp%2Fv2%2Fcomments&post=98909"}],"version-history":[{"count":0,"href":"https:\/\/test.esluzby.net\/index.php?rest_route=\/wp\/v2\/product\/98909\/revisions"}],"wp:featuredmedia":[{"embeddable":true,"href":"https:\/\/test.esluzby.net\/index.php?rest_route=\/wp\/v2\/media\/98893"}],"wp:attachment":[{"href":"https:\/\/test.esluzby.net\/index.php?rest_route=%2Fwp%2Fv2%2Fmedia&parent=98909"}],"wp:term":[{"taxonomy":"product_brand","embeddable":true,"href":"https:\/\/test.esluzby.net\/index.php?rest_route=%2Fwp%2Fv2%2Fproduct_brand&post=98909"},{"taxonomy":"product_cat","embeddable":true,"href":"https:\/\/test.esluzby.net\/index.php?rest_route=%2Fwp%2Fv2%2Fproduct_cat&post=98909"},{"taxonomy":"product_tag","embeddable":true,"href":"https:\/\/test.esluzby.net\/index.php?rest_route=%2Fwp%2Fv2%2Fproduct_tag&post=98909"}],"curies":[{"name":"wp","href":"https:\/\/api.w.org\/{rel}","templated":true}]}}