{"id":99160,"date":"2025-01-14T17:31:43","date_gmt":"2025-01-14T16:31:43","guid":{"rendered":"https:\/\/test.esluzby.net\/?post_type=product&#038;p=99160"},"modified":"2026-02-19T10:30:50","modified_gmt":"2026-02-19T09:30:50","slug":"souprava-andel-dve-srdce-valentyn","status":"publish","type":"product","link":"https:\/\/test.esluzby.net\/?product=souprava-andel-dve-srdce-valentyn","title":{"rendered":"Souprava And\u011bl + dv\u011b srdce &#8211; Valent\u00fdn"},"content":{"rendered":"","protected":false},"excerpt":{"rendered":"<p>Ru\u010dn\u011b foukan\u00fd sklen\u011bn\u00fd and\u011bl \u2013 ka\u017ed\u00fd kus je origin\u00e1l, ka\u017ed\u00fd kus se li\u0161\u00ed minim\u00e1ln\u011b velikost\u00ed k\u0159\u00eddel, sytost\u00ed barvy. Dv\u011b srdce.<\/p>\n","protected":false},"featured_media":99161,"comment_status":"closed","ping_status":"closed","template":"","meta":[],"product_brand":[],"product_cat":[146,111,144],"product_tag":[],"class_list":{"0":"post-99160","1":"product","2":"type-product","3":"status-publish","4":"has-post-thumbnail","6":"product_cat-sklenena-tezitka-a-olejove-lampy","7":"product_cat-tipy-na-darky","8":"product_cat-valentyn","10":"first","11":"outofstock","12":"sale","13":"shipping-taxable","14":"purchasable","15":"product-type-simple"},"_links":{"self":[{"href":"https:\/\/test.esluzby.net\/index.php?rest_route=\/wp\/v2\/product\/99160","targetHints":{"allow":["GET"]}}],"collection":[{"href":"https:\/\/test.esluzby.net\/index.php?rest_route=\/wp\/v2\/product"}],"about":[{"href":"https:\/\/test.esluzby.net\/index.php?rest_route=\/wp\/v2\/types\/product"}],"replies":[{"embeddable":true,"href":"https:\/\/test.esluzby.net\/index.php?rest_route=%2Fwp%2Fv2%2Fcomments&post=99160"}],"version-history":[{"count":0,"href":"https:\/\/test.esluzby.net\/index.php?rest_route=\/wp\/v2\/product\/99160\/revisions"}],"wp:featuredmedia":[{"embeddable":true,"href":"https:\/\/test.esluzby.net\/index.php?rest_route=\/wp\/v2\/media\/99161"}],"wp:attachment":[{"href":"https:\/\/test.esluzby.net\/index.php?rest_route=%2Fwp%2Fv2%2Fmedia&parent=99160"}],"wp:term":[{"taxonomy":"product_brand","embeddable":true,"href":"https:\/\/test.esluzby.net\/index.php?rest_route=%2Fwp%2Fv2%2Fproduct_brand&post=99160"},{"taxonomy":"product_cat","embeddable":true,"href":"https:\/\/test.esluzby.net\/index.php?rest_route=%2Fwp%2Fv2%2Fproduct_cat&post=99160"},{"taxonomy":"product_tag","embeddable":true,"href":"https:\/\/test.esluzby.net\/index.php?rest_route=%2Fwp%2Fv2%2Fproduct_tag&post=99160"}],"curies":[{"name":"wp","href":"https:\/\/api.w.org\/{rel}","templated":true}]}}