{"id":99173,"date":"2025-01-14T18:38:11","date_gmt":"2025-01-14T17:38:11","guid":{"rendered":"https:\/\/test.esluzby.net\/?post_type=product&#038;p=99173"},"modified":"2026-02-19T10:30:50","modified_gmt":"2026-02-19T09:30:50","slug":"srdce-cervene-10cm","status":"publish","type":"product","link":"https:\/\/test.esluzby.net\/?product=srdce-cervene-10cm","title":{"rendered":"Srdce \u010derven\u00e9 &#8211; Valent\u00fdn 10cm"},"content":{"rendered":"","protected":false},"excerpt":{"rendered":"<p>Srdce je sv\u00fdm tvarem ka\u017ed\u00e9 origin\u00e1l, jeliko\u017e je vyr\u00e1b\u011bno ru\u010dn\u011b bez pou\u017eit\u00ed formy origin\u00e1ln\u00edm rukopisem ka\u017ed\u00e9ho skl\u00e1\u0159e.<\/p>\n","protected":false},"featured_media":99174,"comment_status":"closed","ping_status":"closed","template":"","meta":[],"product_brand":[],"product_cat":[146,111,144],"product_tag":[],"class_list":{"0":"post-99173","1":"product","2":"type-product","3":"status-publish","4":"has-post-thumbnail","6":"product_cat-sklenena-tezitka-a-olejove-lampy","7":"product_cat-tipy-na-darky","8":"product_cat-valentyn","10":"first","11":"outofstock","12":"shipping-taxable","13":"purchasable","14":"product-type-simple"},"_links":{"self":[{"href":"https:\/\/test.esluzby.net\/index.php?rest_route=\/wp\/v2\/product\/99173","targetHints":{"allow":["GET"]}}],"collection":[{"href":"https:\/\/test.esluzby.net\/index.php?rest_route=\/wp\/v2\/product"}],"about":[{"href":"https:\/\/test.esluzby.net\/index.php?rest_route=\/wp\/v2\/types\/product"}],"replies":[{"embeddable":true,"href":"https:\/\/test.esluzby.net\/index.php?rest_route=%2Fwp%2Fv2%2Fcomments&post=99173"}],"version-history":[{"count":0,"href":"https:\/\/test.esluzby.net\/index.php?rest_route=\/wp\/v2\/product\/99173\/revisions"}],"wp:featuredmedia":[{"embeddable":true,"href":"https:\/\/test.esluzby.net\/index.php?rest_route=\/wp\/v2\/media\/99174"}],"wp:attachment":[{"href":"https:\/\/test.esluzby.net\/index.php?rest_route=%2Fwp%2Fv2%2Fmedia&parent=99173"}],"wp:term":[{"taxonomy":"product_brand","embeddable":true,"href":"https:\/\/test.esluzby.net\/index.php?rest_route=%2Fwp%2Fv2%2Fproduct_brand&post=99173"},{"taxonomy":"product_cat","embeddable":true,"href":"https:\/\/test.esluzby.net\/index.php?rest_route=%2Fwp%2Fv2%2Fproduct_cat&post=99173"},{"taxonomy":"product_tag","embeddable":true,"href":"https:\/\/test.esluzby.net\/index.php?rest_route=%2Fwp%2Fv2%2Fproduct_tag&post=99173"}],"curies":[{"name":"wp","href":"https:\/\/api.w.org\/{rel}","templated":true}]}}