{"id":99402,"date":"2025-01-19T21:20:58","date_gmt":"2025-01-19T20:20:58","guid":{"rendered":"https:\/\/test.esluzby.net\/?post_type=product&#038;p=99402"},"modified":"2026-02-19T10:30:57","modified_gmt":"2026-02-19T09:30:57","slug":"sklenice-plastev-granat","status":"publish","type":"product","link":"https:\/\/test.esluzby.net\/?product=sklenice-plastev-granat","title":{"rendered":"Sklenice 0,2l &#8211; Pl\u00e1stev &#8211; gran\u00e1t"},"content":{"rendered":"","protected":false},"excerpt":{"rendered":"<p>Sklenice &#8211; pl\u00e1stev optika je technika pou\u017e\u00edvan\u00e1 ji\u017e p\u0159es 150let. Je n\u011bkolik druhu t\u011bchto optik kter\u00e9 d\u011blaj\u00ed na skle r\u016fzn\u00e9 efekty. Mo\u017eno si slo\u017eit i n\u00e1pojov\u00e9 soupravy, kter\u00e9 jsou vhodn\u00e9 do za\u0159\u00edzen\u00ed modern\u00edho bydlen\u00ed a hod\u00ed se do ka\u017ed\u00e9ho interi\u00e9ru<\/p>\n","protected":false},"featured_media":99372,"comment_status":"closed","ping_status":"closed","template":"","meta":[],"product_brand":[],"product_cat":[117,140,115,144],"product_tag":[],"class_list":{"0":"post-99402","1":"product","2":"type-product","3":"status-publish","4":"has-post-thumbnail","6":"product_cat-kolekce","7":"product_cat-sklenice","8":"product_cat-stolni-sklo","9":"product_cat-valentyn","11":"first","12":"instock","13":"shipping-taxable","14":"purchasable","15":"product-type-simple"},"_links":{"self":[{"href":"https:\/\/test.esluzby.net\/index.php?rest_route=\/wp\/v2\/product\/99402","targetHints":{"allow":["GET"]}}],"collection":[{"href":"https:\/\/test.esluzby.net\/index.php?rest_route=\/wp\/v2\/product"}],"about":[{"href":"https:\/\/test.esluzby.net\/index.php?rest_route=\/wp\/v2\/types\/product"}],"replies":[{"embeddable":true,"href":"https:\/\/test.esluzby.net\/index.php?rest_route=%2Fwp%2Fv2%2Fcomments&post=99402"}],"version-history":[{"count":0,"href":"https:\/\/test.esluzby.net\/index.php?rest_route=\/wp\/v2\/product\/99402\/revisions"}],"wp:featuredmedia":[{"embeddable":true,"href":"https:\/\/test.esluzby.net\/index.php?rest_route=\/wp\/v2\/media\/99372"}],"wp:attachment":[{"href":"https:\/\/test.esluzby.net\/index.php?rest_route=%2Fwp%2Fv2%2Fmedia&parent=99402"}],"wp:term":[{"taxonomy":"product_brand","embeddable":true,"href":"https:\/\/test.esluzby.net\/index.php?rest_route=%2Fwp%2Fv2%2Fproduct_brand&post=99402"},{"taxonomy":"product_cat","embeddable":true,"href":"https:\/\/test.esluzby.net\/index.php?rest_route=%2Fwp%2Fv2%2Fproduct_cat&post=99402"},{"taxonomy":"product_tag","embeddable":true,"href":"https:\/\/test.esluzby.net\/index.php?rest_route=%2Fwp%2Fv2%2Fproduct_tag&post=99402"}],"curies":[{"name":"wp","href":"https:\/\/api.w.org\/{rel}","templated":true}]}}