{"id":99403,"date":"2025-01-19T21:25:47","date_gmt":"2025-01-19T20:25:47","guid":{"rendered":"https:\/\/test.esluzby.net\/?post_type=product&#038;p=99403"},"modified":"2026-02-19T10:30:58","modified_gmt":"2026-02-19T09:30:58","slug":"sklenice-velka-krakle-granat","status":"publish","type":"product","link":"https:\/\/test.esluzby.net\/?product=sklenice-velka-krakle-granat","title":{"rendered":"Sklenice 0,2l &#8211; velk\u00e1 Krakle &#8211; gran\u00e1t"},"content":{"rendered":"<p>Kolekce Krakle je v\u00fdjime\u010dn\u00e1 nejen sv\u00fdm vzhledem, ale i histori\u00ed.\u00a0 Pro jej\u00ed tvorbu se vyu\u017e\u00edvaj\u00ed optick\u00e9 formy, kter\u00e9 se pou\u017e\u00edvaly ji\u017e od po\u010d\u00e1tku skl\u00e1\u0159stv\u00ed v \u010desk\u00fdch zem\u00edch. Ty se postupn\u011b zdokonalovaly a p\u0159izp\u016fsobovaly st\u00e1le slo\u017eit\u011bj\u0161\u00edm dekor\u016fm.<\/p>\n<p>Kraklov\u00e1n\u00ed skla je velmi star\u00e1 technika, kter\u00e1 sah\u00e1 a\u017e do starov\u011bku, i kdy\u017e jej\u00ed popularita kol\u00edsala podle obdob\u00ed a regionu. Dnes je ale toto sklo velmi obl\u00edben\u00e9.<\/p>\n","protected":false},"excerpt":{"rendered":"<p>V dekoru Krakle vyr\u00e1b\u00edme produkty od d\u017eb\u00e1n\u016f, p\u0159es r\u016fzn\u00e9 misky a skleni\u010dky, a\u017e po petrolejov\u00e9 lampy. Tento dekor\u00a0oslov\u00ed v\u0161echny, kte\u0159\u00ed si cen\u00ed kr\u00e1sy a originality skla.<\/p>\n","protected":false},"featured_media":99373,"comment_status":"closed","ping_status":"closed","template":"","meta":[],"product_brand":[],"product_cat":[127,140,115],"product_tag":[],"class_list":{"0":"post-99403","1":"product","2":"type-product","3":"status-publish","4":"has-post-thumbnail","6":"product_cat-ostatni","7":"product_cat-sklenice","8":"product_cat-stolni-sklo","10":"first","11":"instock","12":"shipping-taxable","13":"purchasable","14":"product-type-simple"},"_links":{"self":[{"href":"https:\/\/test.esluzby.net\/index.php?rest_route=\/wp\/v2\/product\/99403","targetHints":{"allow":["GET"]}}],"collection":[{"href":"https:\/\/test.esluzby.net\/index.php?rest_route=\/wp\/v2\/product"}],"about":[{"href":"https:\/\/test.esluzby.net\/index.php?rest_route=\/wp\/v2\/types\/product"}],"replies":[{"embeddable":true,"href":"https:\/\/test.esluzby.net\/index.php?rest_route=%2Fwp%2Fv2%2Fcomments&post=99403"}],"version-history":[{"count":0,"href":"https:\/\/test.esluzby.net\/index.php?rest_route=\/wp\/v2\/product\/99403\/revisions"}],"wp:featuredmedia":[{"embeddable":true,"href":"https:\/\/test.esluzby.net\/index.php?rest_route=\/wp\/v2\/media\/99373"}],"wp:attachment":[{"href":"https:\/\/test.esluzby.net\/index.php?rest_route=%2Fwp%2Fv2%2Fmedia&parent=99403"}],"wp:term":[{"taxonomy":"product_brand","embeddable":true,"href":"https:\/\/test.esluzby.net\/index.php?rest_route=%2Fwp%2Fv2%2Fproduct_brand&post=99403"},{"taxonomy":"product_cat","embeddable":true,"href":"https:\/\/test.esluzby.net\/index.php?rest_route=%2Fwp%2Fv2%2Fproduct_cat&post=99403"},{"taxonomy":"product_tag","embeddable":true,"href":"https:\/\/test.esluzby.net\/index.php?rest_route=%2Fwp%2Fv2%2Fproduct_tag&post=99403"}],"curies":[{"name":"wp","href":"https:\/\/api.w.org\/{rel}","templated":true}]}}