{"id":99503,"date":"2025-02-04T07:10:58","date_gmt":"2025-02-04T06:10:58","guid":{"rendered":"https:\/\/test.esluzby.net\/?post_type=product&#038;p=99503"},"modified":"2026-02-19T10:31:00","modified_gmt":"2026-02-19T09:31:00","slug":"misa-srdce-opal-rosalin-30cm","status":"publish","type":"product","link":"https:\/\/test.esluzby.net\/?product=misa-srdce-opal-rosalin-30cm","title":{"rendered":"M\u00edsa srdce opal &#8211; rosalin 30cm"},"content":{"rendered":"","protected":false},"excerpt":{"rendered":"<p>M\u00edsa srdce je vyrobeno bez pou\u017eit\u00ed formy kdy skl\u00e1\u0159 v\u0161e tvaruje dle sv\u00e9 fantazie a umu.<\/p>\n","protected":false},"featured_media":99504,"comment_status":"closed","ping_status":"closed","template":"","meta":[],"product_brand":[],"product_cat":[124,141,111,144],"product_tag":[],"class_list":{"0":"post-99503","1":"product","2":"type-product","3":"status-publish","4":"has-post-thumbnail","6":"product_cat-sklenene-misy","7":"product_cat-svatebni-darky","8":"product_cat-tipy-na-darky","9":"product_cat-valentyn","11":"first","12":"outofstock","13":"shipping-taxable","14":"purchasable","15":"product-type-simple"},"_links":{"self":[{"href":"https:\/\/test.esluzby.net\/index.php?rest_route=\/wp\/v2\/product\/99503","targetHints":{"allow":["GET"]}}],"collection":[{"href":"https:\/\/test.esluzby.net\/index.php?rest_route=\/wp\/v2\/product"}],"about":[{"href":"https:\/\/test.esluzby.net\/index.php?rest_route=\/wp\/v2\/types\/product"}],"replies":[{"embeddable":true,"href":"https:\/\/test.esluzby.net\/index.php?rest_route=%2Fwp%2Fv2%2Fcomments&post=99503"}],"version-history":[{"count":0,"href":"https:\/\/test.esluzby.net\/index.php?rest_route=\/wp\/v2\/product\/99503\/revisions"}],"wp:featuredmedia":[{"embeddable":true,"href":"https:\/\/test.esluzby.net\/index.php?rest_route=\/wp\/v2\/media\/99504"}],"wp:attachment":[{"href":"https:\/\/test.esluzby.net\/index.php?rest_route=%2Fwp%2Fv2%2Fmedia&parent=99503"}],"wp:term":[{"taxonomy":"product_brand","embeddable":true,"href":"https:\/\/test.esluzby.net\/index.php?rest_route=%2Fwp%2Fv2%2Fproduct_brand&post=99503"},{"taxonomy":"product_cat","embeddable":true,"href":"https:\/\/test.esluzby.net\/index.php?rest_route=%2Fwp%2Fv2%2Fproduct_cat&post=99503"},{"taxonomy":"product_tag","embeddable":true,"href":"https:\/\/test.esluzby.net\/index.php?rest_route=%2Fwp%2Fv2%2Fproduct_tag&post=99503"}],"curies":[{"name":"wp","href":"https:\/\/api.w.org\/{rel}","templated":true}]}}